{"id":113,"date":"2022-01-28T09:17:39","date_gmt":"2022-01-28T09:17:39","guid":{"rendered":"https:\/\/wpriverthemes.com\/tandaelem\/?page_id=113"},"modified":"2024-08-06T18:54:25","modified_gmt":"2024-08-06T16:54:25","slug":"a-propos","status":"publish","type":"page","link":"https:\/\/it-expertis.com\/?page_id=113","title":{"rendered":"A Propos"},"content":{"rendered":"\t\t<div data-elementor-type=\"wp-page\" data-elementor-id=\"113\" class=\"elementor elementor-113\">\n\t\t\t\t\t\t<section class=\"elementor-section elementor-top-section elementor-element elementor-element-247951c elementor-section-full_width elementor-section-height-default elementor-section-height-default\" data-id=\"247951c\" data-element_type=\"section\" data-e-type=\"section\">\n\t\t\t\t\t\t<div class=\"elementor-container elementor-column-gap-no\">\n\t\t\t\t\t<div class=\"elementor-column elementor-col-100 elementor-top-column elementor-element elementor-element-b6a1e91\" data-id=\"b6a1e91\" data-element_type=\"column\" data-e-type=\"column\">\n\t\t\t<div class=\"elementor-widget-wrap elementor-element-populated\">\n\t\t\t\t\t\t<div class=\"elementor-element elementor-element-322ab34 elementor-widget elementor-widget-about\" data-id=\"322ab34\" data-element_type=\"widget\" data-e-type=\"widget\" data-widget_type=\"about.default\">\n\t\t\t\t<div class=\"elementor-widget-container\">\n\t\t\t\t\t\n        <!-- Star About Area\n    ============================================= -->\n    <div class=\"about-area faq-area inc-shape default-padding\">\n        <div class=\"container\">\n            <div class=\"row\">\n                <div class=\"col-lg-6\">\n                    <div class=\"thumb\">\n                        <img decoding=\"async\" src=\"https:\/\/it-expertis.com\/wp-content\/uploads\/2024\/07\/istockphoto-1795167728-170667a.webp\" alt=\"Thumb\">\n                        <img decoding=\"async\" src=\"https:\/\/it-expertis.com\/wp-content\/uploads\/2024\/07\/istockphoto-1493925482-612x612-1.jpg\" alt=\"Thumb\">\n                        <div class=\"overlay\">\n                            <div class=\"content\">\n                                <h4>digitalisation<\/h4>\n                            <\/div>\n                        <\/div>\n                    <\/div>\n                <\/div>\n                <div class=\"col-lg-5 offset-lg-1 info\">\n                    <h2>Notre Mission<\/h2>\n                    <p>\n                        Chez IT-EXPERTIS, nous nous engageons \u00e0 fournir des solutions informatiques innovantes et fiables qui propulsent les entreprises vers l\u2019avenir. Notre mission est de devenir votre partenaire de confiance en mati\u00e8re de technologies de l&#039;information, en offrant des services de haute qualit\u00e9 adapt\u00e9s \u00e0 vos besoins sp\u00e9cifiques. \n                    <\/p>\n                    <div class=\"faq-content accordion\" id=\"accordionExample\">\n                                                        <div class=\"card\">\n                                <div class=\"card-header\" id=\"headingThree\">\n                                    <h4 class=\"mb-0\" data-toggle=\"collapse\" data-target=\"#collapseThree\" aria-expanded=\"true\" aria-controls=\"collapseThree\">\n                                          Nos Certifications                                    <\/h4>\n                                <\/div>\n\n                                <div id=\"collapseThree\" class=\"collapse show\" aria-labelledby=\"headingThree\" data-parent=\"#accordionExample\">\n                                    <div class=\"card-body\">\n                                        <p>\n                                            Nous sommes fiers de nos nombreuses certifications, qui attestent de notre expertise et de notre engagement envers des standards \u00e9lev\u00e9s                                        <\/p>\n                                    <\/div>\n                                <\/div>\n                            <\/div>\n\n                            \n                        <\/div>\n                    <\/div>\n\n            <\/div>\n        <\/div>\n    <\/div>\n    <!-- End About Area -->\n\n    \t\t\t\t<\/div>\n\t\t\t\t<\/div>\n\t\t\t\t\t<\/div>\n\t\t<\/div>\n\t\t\t\t\t<\/div>\n\t\t<\/section>\n\t\t\t\t<section class=\"elementor-section elementor-top-section elementor-element elementor-element-29921a2 elementor-section-full_width elementor-section-height-default elementor-section-height-default\" data-id=\"29921a2\" data-element_type=\"section\" data-e-type=\"section\">\n\t\t\t\t\t\t<div class=\"elementor-container elementor-column-gap-no\">\n\t\t\t\t\t<div class=\"elementor-column elementor-col-100 elementor-top-column elementor-element elementor-element-eee7849\" data-id=\"eee7849\" data-element_type=\"column\" data-e-type=\"column\">\n\t\t\t<div class=\"elementor-widget-wrap elementor-element-populated\">\n\t\t\t\t\t\t<div class=\"elementor-element elementor-element-b270aee elementor-widget elementor-widget-work_about\" data-id=\"b270aee\" data-element_type=\"widget\" data-e-type=\"widget\" data-widget_type=\"work_about.default\">\n\t\t\t\t<div class=\"elementor-widget-container\">\n\t\t\t\t\t\n\n        <!-- Start Works About \n    ============================================= -->\n    <div class=\"works-about-area overflow-hidden\">\n        <div class=\"container\">\n            <div class=\"works-about-items default-padding\">\n                <div class=\"row align-center\">\n                    <div class=\"col-lg-6 info\">\n                        <h5><\/h5>\n                        <h2>Pourquoi Choisir IT-EXPERTIS ?<br><\/h2>\n                        <p>\n                             Choisir IT-EXPERTIS, c&#039;est opter pour un partenaire qui comprend vos besoins et qui est capable de vous fournir des solutions sur mesure. Nous allions expertise technique, innovation et service client pour garantir votre satisfaction et la r\u00e9ussite de vos projets informatiques.<\/p>\n                        <ul>\n                                                        <li>\n                                <h5>Votre Partenaire de Confiance en Solutions Informatiques et Nouvelles Technologies<\/h5>\n                            <\/li>\n                                                        <li>\n                                <h5>Lib\u00e9rez le potentiel de votre entreprise grace \u00e0 nos solutions<\/h5>\n                            <\/li>\n                                                    <\/ul>\n                                                <a href=\"https:\/\/itexpertis.hisiastudio.com\/contact-us\/\" class=\"btn btn-theme effect btn-sm\">Parler a un expert<\/a>\n                                             <\/div>\n                    <div class=\"col-lg-6\">\n                        <div class=\"thumb\">\n                            <img decoding=\"async\" src=\"https:\/\/it-expertis.com\/wp-content\/uploads\/2024\/07\/istockphoto-1334328220-612x612-1.jpg\" alt=\"Thumb\">\n                            <div class=\"fun-fact\">\n                                <div class=\"timer\" data-to=\"25\" data-speed=\"5000\">25<\/div>\n                                <span class=\"medium\">Projets Achev\u00e9s<\/span>\n                            <\/div>\n                        <\/div>\n                    <\/div>\n                <\/div>\n            <\/div>\n        <\/div>\n    <\/div>\n    <!-- End Works About Area -->\n       \n\n    \t\t\t\t<\/div>\n\t\t\t\t<\/div>\n\t\t\t\t\t<\/div>\n\t\t<\/div>\n\t\t\t\t\t<\/div>\n\t\t<\/section>\n\t\t\t\t<section class=\"elementor-section elementor-top-section elementor-element elementor-element-e274415 elementor-section-full_width elementor-section-height-default elementor-section-height-default\" data-id=\"e274415\" data-element_type=\"section\" data-e-type=\"section\">\n\t\t\t\t\t\t<div class=\"elementor-container elementor-column-gap-no\">\n\t\t\t\t\t<div class=\"elementor-column elementor-col-100 elementor-top-column elementor-element elementor-element-89c1852\" data-id=\"89c1852\" data-element_type=\"column\" data-e-type=\"column\">\n\t\t\t<div class=\"elementor-widget-wrap elementor-element-populated\">\n\t\t\t\t\t\t<div class=\"elementor-element elementor-element-e2ef211 elementor-widget elementor-widget-work\" data-id=\"e2ef211\" data-element_type=\"widget\" data-e-type=\"widget\" data-widget_type=\"work.default\">\n\t\t\t\t<div class=\"elementor-widget-container\">\n\t\t\t\t\t\n        <!-- Start Work Process \n    ============================================= -->\n    <div class=\"work-process-area overflow-hidden default-padding bottom-less\">\n        <div class=\"container\">\n            <div class=\"row\">\n                <div class=\"col-lg-8 offset-lg-2\">\n                    <div class=\"site-heading text-center\">\n                        <h4><\/h4>\n                        <h2>Comment nous travaillons<\/h2>\n                    <\/div>\n                <\/div>\n            <\/div>\n        <\/div>\n        <div class=\"container-full\">\n            <div class=\"work-pro-items\">\n                <div class=\"row\">\n                                        <!-- Single Item -->\n                    <div class=\"single-item col-lg-3 col-md-6\">\n                        <div class=\"item\">\n                            <div class=\"item-inner\">\n                                <div class=\"icon\">\n                                    <i class=\"flaticon-select\"><\/i>\n                                    <span>01<\/span>\n                                <\/div>\n                                <h5>Choisissez un de nos services<\/h5>\n                                <p>\n                                                                    <\/p>\n                            <\/div>\n                        <\/div>\n                    <\/div>\n                    <!-- End Single Item -->\n                                    <!-- Single Item -->\n                    <div class=\"single-item col-lg-3 col-md-6\">\n                        <div class=\"item\">\n                            <div class=\"item-inner\">\n                                <div class=\"icon\">\n                                    <i class=\"flaticon-video-call\"><\/i>\n                                    <span>02<\/span>\n                                <\/div>\n                                <h5>Demander une rencontre<\/h5>\n                                <p>\n                                                                    <\/p>\n                            <\/div>\n                        <\/div>\n                    <\/div>\n                    <!-- End Single Item -->\n                                    <!-- Single Item -->\n                    <div class=\"single-item col-lg-3 col-md-6\">\n                        <div class=\"item\">\n                            <div class=\"item-inner\">\n                                <div class=\"icon\">\n                                    <i class=\"flaticon-strategy\"><\/i>\n                                    <span>03<\/span>\n                                <\/div>\n                                <h5>Recevoir un plan personnalis\u00e9<\/h5>\n                                <p>\n                                                                    <\/p>\n                            <\/div>\n                        <\/div>\n                    <\/div>\n                    <!-- End Single Item -->\n                                    <!-- Single Item -->\n                    <div class=\"single-item col-lg-3 col-md-6\">\n                        <div class=\"item\">\n                            <div class=\"item-inner\">\n                                <div class=\"icon\">\n                                    <i class=\"flaticon-help\"><\/i>\n                                    <span>04<\/span>\n                                <\/div>\n                                <h5>Realisons le ensemble<\/h5>\n                                <p>\n                                                                    <\/p>\n                            <\/div>\n                        <\/div>\n                    <\/div>\n                    <!-- End Single Item -->\n                                <\/div>\n            <\/div>\n        <\/div>\n    <\/div>\n    <!-- End Work Process Area -->\n\n    \t\t\t\t<\/div>\n\t\t\t\t<\/div>\n\t\t\t\t\t<\/div>\n\t\t<\/div>\n\t\t\t\t\t<\/div>\n\t\t<\/section>\n\t\t\t\t<section class=\"elementor-section elementor-top-section elementor-element elementor-element-f2b3f94 elementor-section-full_width elementor-section-height-default elementor-section-height-default\" data-id=\"f2b3f94\" data-element_type=\"section\" data-e-type=\"section\">\n\t\t\t\t\t\t<div class=\"elementor-container elementor-column-gap-no\">\n\t\t\t\t\t<div class=\"elementor-column elementor-col-100 elementor-top-column elementor-element elementor-element-1771234\" data-id=\"1771234\" data-element_type=\"column\" data-e-type=\"column\">\n\t\t\t<div class=\"elementor-widget-wrap elementor-element-populated\">\n\t\t\t\t\t\t<div class=\"elementor-element elementor-element-a8a732a elementor-widget elementor-widget-why\" data-id=\"a8a732a\" data-element_type=\"widget\" data-e-type=\"widget\" data-widget_type=\"why.default\">\n\t\t\t\t<div class=\"elementor-widget-container\">\n\t\t\t\t\t\n        <!-- Start Video Area \n    ============================================= -->\n    <div class=\"video-area extra-padding text-center default-padding faq-area bg-gray bg-fixed shadow dark text-light\" style=\"background-image: url(https:\/\/it-expertis.com\/wp-content\/uploads\/2022\/12\/4-1.png\">\n        <div class=\"container\">\n            <div class=\"content\">\n                <div class=\"row\">\n                    <div class=\"col-lg-8 offset-lg-2\">\n                        <h5><\/h5>\n                        <h2>Boostez votre entreprise avec nos services informatiques externalis\u00e9s et innovants <br> <\/h2>\n                                            <\/div>\n                <\/div>\n            <\/div>\n        <\/div>\n        <!-- Fixed Shpae Bottom -->\n        <div class=\"fixed-shape-bottom\">\n            <img decoding=\"async\" src=\"https:\/\/it-expertis.com\/wp-content\/uploads\/2022\/02\/9.png\" alt=\"Shape\">\n        <\/div>\n        <!-- Fixed Shpae Bottom -->\n    <\/div>\n    <!-- End Video Area -->\n\n    <!-- Start Why Choose Us \n    ============================================= -->\n    <div class=\"choose-us-area default-padding-bottom\">\n        <div class=\"container\">\n            <div class=\"items-box\">\n                <div class=\"row\">\n                    <!-- SIngle item-->\n                    <div class=\"single-item col-lg-6 col-mg-6\">\n                        <div class=\"item\">\n                            <div class=\"info\">\n                                <h4>Assistance \u00e0 la client\u00e8le 24\/7<\/h4>\n                                <p>\n                                   Pour en savoir plus sur nos services ou pour obtenir un devis gratuit, veuillez nous contacter d\u00e8s aujourd&#039;hui.                                 <\/p>\n                                <div class=\"call\">\n                                    <div class=\"icons\">\n                                        <i class=\"fas fa-phone\"><\/i>\n                                    <\/div>\n                                    <div class=\"info\">\n                                        <span>Ligne d&#039;assistance <\/span> +226 25 65 12 09 \/ +226 25 43 08 41                                    <\/div>\n                                <\/div>\n                            <\/div>\n                        <\/div>\n                    <\/div>\n                    <!-- End SIngle item-->\n                    <!-- SIngle item-->\n                    <div class=\"single-item col-lg-6 col-mg-6\">\n                        <div class=\"item\">\n                            <div class=\"icon\">\n                                <i class=\"fas fa-cubes\"><\/i>\n                            <\/div>\n                            <div class=\"info\">\n                                <h4>Smart solutions<\/h4>\n                                <p>\n                                    Nous sommes une \u00e9quipe d&#039;experts passionn\u00e9s par l&#039;aide aux entreprises de toutes tailles \u00e0 tirer le meilleur parti de la technologie.                                <\/p>\n                                <a href=\"\/?page_id=512\" class=\"btn-more\">Commencez maintenant <\/a>\n                            <\/div>\n                        <\/div>\n                    <\/div>\n                    <!-- End SIngle item-->\n                <\/div>\n            <\/div>\n        <\/div>\n    <\/div>\n    <!-- End Why Choose Us Area -->\n       \n\n    \t\t\t\t<\/div>\n\t\t\t\t<\/div>\n\t\t\t\t\t<\/div>\n\t\t<\/div>\n\t\t\t\t\t<\/div>\n\t\t<\/section>\n\t\t\t\t<section class=\"elementor-section elementor-top-section elementor-element elementor-element-353d5ee elementor-section-full_width elementor-hidden-desktop elementor-hidden-tablet elementor-hidden-mobile elementor-section-height-default elementor-section-height-default\" data-id=\"353d5ee\" data-element_type=\"section\" data-e-type=\"section\">\n\t\t\t\t\t\t<div class=\"elementor-container elementor-column-gap-no\">\n\t\t\t\t\t<div class=\"elementor-column elementor-col-100 elementor-top-column elementor-element elementor-element-42f12da\" data-id=\"42f12da\" data-element_type=\"column\" data-e-type=\"column\">\n\t\t\t<div class=\"elementor-widget-wrap elementor-element-populated\">\n\t\t\t\t\t\t<div class=\"elementor-element elementor-element-982927d elementor-widget elementor-widget-team\" data-id=\"982927d\" data-element_type=\"widget\" data-e-type=\"widget\" data-widget_type=\"team.default\">\n\t\t\t\t<div class=\"elementor-widget-container\">\n\t\t\t\t\t\n        <!-- Start Team \n    ============================================= -->\n    <div class=\"team-area default-padding-bottom bottom-less\">\n                <div class=\"container\">\n            <div class=\"row\">\n                <div class=\"col-lg-8 offset-lg-2\">\n                    <div class=\"site-heading text-center\">\n                        <h4>Expert Team<\/h4>\n                        <h2>Meet Our Leadership<\/h2>\n                    <\/div>\n                <\/div>\n            <\/div>\n        <\/div>\n                <div class=\"container\">\n            <div class=\"team-items text-center\">\n                <div class=\"row\">\n        \n        \n            <!-- Sngle Item -->\n            <div class=\"single-item col-lg-4 col-md-6\">\n                <div class=\"item\">\n                    <div class=\"thumb\">\n                        <img decoding=\"async\" src=\"https:\/\/it-expertis.com\/wp-content\/uploads\/2022\/01\/1-2.jpg\" alt=\"Thumb\">\n                        <div class=\"social\">\n                            <input type=\"checkbox\" id=\"toggle\" class=\"share-toggle\" hidden>\n                            <label for=\"toggle\" class=\"share-button\">\n                                <i class=\"fas fa-plus\"><\/i>\n                            <\/label>\n                                                        <a href=\"#\" class=\"share-icon facebook\">\n                                <i class=\"fab fa-facebook-f\"><\/i>\n                            <\/a>\n                                                                                    <a href=\"#\" class=\"share-icon twitter\">\n                                <i class=\"fab fa-twitter\"><\/i>\n                            <\/a>\n                                                                                    <a href=\"#\" class=\"share-icon instagram\">\n                                <i class=\"fab fa-instagram\"><\/i>\n                            <\/a>\n                                                     <\/div>\n                    <\/div>\n                    <div class=\"info\">\n                        <h4><a href=\"#\">Sporia Deko<\/a><\/h4>\n                        <span>Marketing<\/span>\n                    <\/div>\n                <\/div>\n            <\/div>\n                <!-- End Sngle Item -->\n\n        \n            <!-- Sngle Item -->\n            <div class=\"single-item col-lg-4 col-md-6\">\n                <div class=\"item\">\n                    <div class=\"thumb\">\n                        <img decoding=\"async\" src=\"https:\/\/it-expertis.com\/wp-content\/uploads\/2022\/02\/2.jpg\" alt=\"Thumb\">\n                        <div class=\"social\">\n                            <input type=\"checkbox\" id=\"toggle-1\" class=\"share-toggle\" hidden>\n                            <label for=\"toggle-1\" class=\"share-button\">\n                                <i class=\"fas fa-plus\"><\/i>\n                            <\/label>\n                                                        <a href=\"#\" class=\"share-icon facebook\">\n                                <i class=\"fab fa-facebook-f\"><\/i>\n                            <\/a>\n                                                                                    <a href=\"#\" class=\"share-icon twitter\">\n                                <i class=\"fab fa-twitter\"><\/i>\n                            <\/a>\n                                                                                    <a href=\"#\" class=\"share-icon instagram\">\n                                <i class=\"fab fa-instagram\"><\/i>\n                            <\/a>\n                                                     <\/div>\n                    <\/div>\n                    <div class=\"info\">\n                        <h4><a href=\"#\">Adhom Jonam<\/a><\/h4>\n                        <span>Project Manager<\/span>\n                    <\/div>\n                <\/div>\n            <\/div>\n                <!-- End Sngle Item -->\n\n        \n            <!-- Sngle Item -->\n            <div class=\"single-item col-lg-4 col-md-6\">\n                <div class=\"item\">\n                    <div class=\"thumb\">\n                        <img decoding=\"async\" src=\"https:\/\/it-expertis.com\/wp-content\/uploads\/2022\/02\/3.jpg\" alt=\"Thumb\">\n                        <div class=\"social\">\n                            <input type=\"checkbox\" id=\"toggle-2\" class=\"share-toggle\" hidden>\n                            <label for=\"toggle-2\" class=\"share-button\">\n                                <i class=\"fas fa-plus\"><\/i>\n                            <\/label>\n                                                        <a href=\"#\" class=\"share-icon facebook\">\n                                <i class=\"fab fa-facebook-f\"><\/i>\n                            <\/a>\n                                                                                    <a href=\"#\" class=\"share-icon twitter\">\n                                <i class=\"fab fa-twitter\"><\/i>\n                            <\/a>\n                                                                                    <a href=\"#\" class=\"share-icon instagram\">\n                                <i class=\"fab fa-instagram\"><\/i>\n                            <\/a>\n                                                     <\/div>\n                    <\/div>\n                    <div class=\"info\">\n                        <h4><a href=\"#\">Turka Pruda<\/a><\/h4>\n                        <span>Marketing<\/span>\n                    <\/div>\n                <\/div>\n            <\/div>\n                <!-- End Sngle Item -->\n\n        \n        <\/div>\n            <\/div>\n        <\/div>\n    <\/div>\n    <!-- End Team Area -->\n\n    \t\t\t\t<\/div>\n\t\t\t\t<\/div>\n\t\t\t\t\t<\/div>\n\t\t<\/div>\n\t\t\t\t\t<\/div>\n\t\t<\/section>\n\t\t\t\t<\/div>\n\t\t","protected":false},"excerpt":{"rendered":"<p>digitalisation Notre Mission Chez IT-EXPERTIS, nous nous engageons \u00e0 fournir des solutions informatiques innovantes et fiables qui propulsent les entreprises vers l\u2019avenir. Notre mission est de devenir votre partenaire de confiance en mati\u00e8re de technologies de l&#039;information, en offrant des services de haute qualit\u00e9 adapt\u00e9s \u00e0 vos besoins sp\u00e9cifiques. Nos Certifications Nous sommes fiers de [&hellip;]<\/p>\n","protected":false},"author":1,"featured_media":1701,"parent":0,"menu_order":0,"comment_status":"closed","ping_status":"closed","template":"page-templates\/pages-image.php","meta":{"_monsterinsights_skip_tracking":false,"_monsterinsights_sitenote_active":false,"_monsterinsights_sitenote_note":"","_monsterinsights_sitenote_category":0,"footnotes":""},"class_list":["post-113","page","type-page","status-publish","has-post-thumbnail","hentry"],"aioseo_notices":[],"_links":{"self":[{"href":"https:\/\/it-expertis.com\/index.php?rest_route=\/wp\/v2\/pages\/113","targetHints":{"allow":["GET"]}}],"collection":[{"href":"https:\/\/it-expertis.com\/index.php?rest_route=\/wp\/v2\/pages"}],"about":[{"href":"https:\/\/it-expertis.com\/index.php?rest_route=\/wp\/v2\/types\/page"}],"author":[{"embeddable":true,"href":"https:\/\/it-expertis.com\/index.php?rest_route=\/wp\/v2\/users\/1"}],"replies":[{"embeddable":true,"href":"https:\/\/it-expertis.com\/index.php?rest_route=%2Fwp%2Fv2%2Fcomments&post=113"}],"version-history":[{"count":41,"href":"https:\/\/it-expertis.com\/index.php?rest_route=\/wp\/v2\/pages\/113\/revisions"}],"predecessor-version":[{"id":1935,"href":"https:\/\/it-expertis.com\/index.php?rest_route=\/wp\/v2\/pages\/113\/revisions\/1935"}],"wp:featuredmedia":[{"embeddable":true,"href":"https:\/\/it-expertis.com\/index.php?rest_route=\/wp\/v2\/media\/1701"}],"wp:attachment":[{"href":"https:\/\/it-expertis.com\/index.php?rest_route=%2Fwp%2Fv2%2Fmedia&parent=113"}],"curies":[{"name":"wp","href":"https:\/\/api.w.org\/{rel}","templated":true}]}}