{"id":512,"date":"2022-02-28T13:40:08","date_gmt":"2022-02-28T13:40:08","guid":{"rendered":"https:\/\/wpriverthemes.com\/tandaelem\/?page_id=512"},"modified":"2024-08-05T17:47:14","modified_gmt":"2024-08-05T15:47:14","slug":"contact-us","status":"publish","type":"page","link":"https:\/\/it-expertis.com\/?page_id=512","title":{"rendered":"Contactez nous"},"content":{"rendered":"\t\t<div data-elementor-type=\"wp-page\" data-elementor-id=\"512\" class=\"elementor elementor-512\">\n\t\t\t\t\t\t<section class=\"elementor-section elementor-top-section elementor-element elementor-element-37df3ba elementor-section-full_width elementor-section-height-default elementor-section-height-default\" data-id=\"37df3ba\" data-element_type=\"section\" data-e-type=\"section\">\n\t\t\t\t\t\t<div class=\"elementor-container elementor-column-gap-no\">\n\t\t\t\t\t<div class=\"elementor-column elementor-col-100 elementor-top-column elementor-element elementor-element-6c599ba\" data-id=\"6c599ba\" data-element_type=\"column\" data-e-type=\"column\">\n\t\t\t<div class=\"elementor-widget-wrap elementor-element-populated\">\n\t\t\t\t\t\t<div class=\"elementor-element elementor-element-c7fda53 elementor-widget elementor-widget-contact\" data-id=\"c7fda53\" data-element_type=\"widget\" data-e-type=\"widget\" data-widget_type=\"contact.default\">\n\t\t\t\t<div class=\"elementor-widget-container\">\n\t\t\t\t\t\n       <!-- Start Contact \n    ============================================= -->\n    <div class=\"contact-area overflow-hidden default-padding\">\n        <div class=\"container\">\n            <div class=\"row\">\n\n                <div class=\"col-lg-6 contact-form-box\">\n                    <div class=\"content\">\n                        <div class=\"heading\">\n                            <h2>Besoin d&#039;aide?<\/h2>\n                            <p>Faites appel aux services informatiques les plus fiables au monde.<\/p>\n                        <\/div>\n                        <style id=\"wpforms-css-vars-1923\">\n\t\t\t\t#wpforms-1923 {\n\t\t\t\t\n\t\t\t}\n\t\t\t<\/style><div class=\"wpforms-container wpforms-container-full wpforms-render-modern\" id=\"wpforms-1923\"><form id=\"wpforms-form-1923\" class=\"wpforms-validate wpforms-form wpforms-ajax-form\" data-formid=\"1923\" method=\"post\" enctype=\"multipart\/form-data\" action=\"\/index.php?rest_route=%2Fwp%2Fv2%2Fpages%2F512\" data-token=\"3057880c5c3a9a997e235395bbbc2fe3\" data-token-time=\"1776216907\"><noscript class=\"wpforms-error-noscript\">Veuillez activer JavaScript dans votre navigateur pour remplir ce formulaire.<\/noscript><div id=\"wpforms-error-noscript\" style=\"display: none;\">Veuillez activer JavaScript dans votre navigateur pour remplir ce formulaire.<\/div><div class=\"wpforms-field-container\"><div id=\"wpforms-1923-field_0-container\" class=\"wpforms-field wpforms-field-name\" data-field-id=\"0\"><fieldset><legend class=\"wpforms-field-label\">Nom <span class=\"wpforms-required-label\" aria-hidden=\"true\">*<\/span><\/legend><div class=\"wpforms-field-row wpforms-field-large\"><div class=\"wpforms-field-row-block wpforms-first wpforms-one-half\"><input type=\"text\" id=\"wpforms-1923-field_0\" class=\"wpforms-field-name-first wpforms-field-required\" name=\"wpforms[fields][0][first]\" aria-errormessage=\"wpforms-1923-field_0-error\" required><label for=\"wpforms-1923-field_0\" class=\"wpforms-field-sublabel after\">Pr\u00e9nom<\/label><\/div><div class=\"wpforms-field-row-block wpforms-one-half\"><input type=\"text\" id=\"wpforms-1923-field_0-last\" class=\"wpforms-field-name-last wpforms-field-required\" name=\"wpforms[fields][0][last]\" aria-errormessage=\"wpforms-1923-field_0-last-error\" required><label for=\"wpforms-1923-field_0-last\" class=\"wpforms-field-sublabel after\">Nom<\/label><\/div><\/div><\/fieldset><\/div><div id=\"wpforms-1923-field_1-container\" class=\"wpforms-field wpforms-field-email\" data-field-id=\"1\"><label class=\"wpforms-field-label\" for=\"wpforms-1923-field_1\">E-mail <span class=\"wpforms-required-label\" aria-hidden=\"true\">*<\/span><\/label><input type=\"email\" id=\"wpforms-1923-field_1\" class=\"wpforms-field-medium wpforms-field-required\" name=\"wpforms[fields][1]\" spellcheck=\"false\" aria-errormessage=\"wpforms-1923-field_1-error\" required><\/div><div id=\"wpforms-1923-field_2-container\" class=\"wpforms-field wpforms-field-textarea\" data-field-id=\"2\"><label class=\"wpforms-field-label\" for=\"wpforms-1923-field_2\">Commentaire ou message<\/label><textarea id=\"wpforms-1923-field_2\" class=\"wpforms-field-medium\" name=\"wpforms[fields][2]\" aria-errormessage=\"wpforms-1923-field_2-error\" ><\/textarea><\/div><\/div><!-- .wpforms-field-container --><div class=\"wpforms-submit-container\" ><input type=\"hidden\" name=\"wpforms[id]\" value=\"1923\"><input type=\"hidden\" name=\"page_title\" value=\"\"><input type=\"hidden\" name=\"page_url\" value=\"https:\/\/it-expertis.com\/index.php?rest_route=\/wp\/v2\/pages\/512\"><input type=\"hidden\" name=\"url_referer\" value=\"\"><button type=\"submit\" name=\"wpforms[submit]\" id=\"wpforms-submit-1923\" class=\"wpforms-submit\" data-alt-text=\"Envoi...\" data-submit-text=\"Envoyer\" aria-live=\"assertive\" value=\"wpforms-submit\">Envoyer<\/button><img decoding=\"async\" src=\"https:\/\/it-expertis.com\/wp-content\/plugins\/wpforms-lite\/assets\/images\/submit-spin.svg\" class=\"wpforms-submit-spinner\" style=\"display: none;\" width=\"26\" height=\"26\" alt=\"Chargement en cours\"><\/div><\/form><\/div>  <!-- .wpforms-container -->                        <\/div>\n                <\/div>\n\n                <div class=\"col-lg-6 info\">\n                    <div class=\"contact-tabs\">\n                        <ul id=\"tabs\" class=\"nav nav-tabs\">\n                            <li class=\"nav-item\">\n                                <a href=\"\" data-target=\"#tab1\" data-toggle=\"tab\" class=\"active nav-link\">\n                                    Adresse                                <\/a>\n                            <\/li>\n                            <li class=\"nav-item\">\n                                <a href=\"\" data-target=\"#tab2\" data-toggle=\"tab\" class=\"nav-link\">\n                                    Localisation                                <\/a>\n                            <\/li>\n                        <\/ul>\n                        <div id=\"tabsContent\" class=\"tab-content\">\n                            <div id=\"tab1\" class=\"tab-pane fade active show\">\n                                <ul>\n                                                <li>\n                                        <div class=\"icon\">\n                                            <i class=\"fas fa-map-marker-alt\"><\/i>\n                                        <\/div>\n                                        <div class=\"info\">\n                                            <p>\n                                                Notre adresse                                                <span><a class=\"icon_normal\" href=\"#\">1400 Avenue de la dignit\u00e9 - 2e \u00e9tage Imm. NIDAP Imprimerie Kadiogo, BURKINA FASO<\/a><\/span>\n                                            <\/p>\n                                        <\/div>\n                                    <\/li>\n                                                                        <li>\n                                        <div class=\"icon\">\n                                            <i class=\"fas fa-envelope-open\"><\/i>\n                                        <\/div>\n                                        <div class=\"info\">\n                                            <p>\n                                                Envoyez-nous un mail                                                <span><a class=\"icon_normal\" href=\"#\">infos@it-expertis.com<\/a><\/span>\n                                            <\/p>\n                                        <\/div>\n                                    <\/li>\n                                                                        <li>\n                                        <div class=\"icon\">\n                                            <i class=\"fas fa-phone\"><\/i>\n                                        <\/div>\n                                        <div class=\"info\">\n                                            <p>\n                                                Appelez-nous                                                <span><a class=\"icon_normal\" href=\"#\">+226 25 65 12 09 \/ +226 25 43 08 41<\/a><\/span>\n                                            <\/p>\n                                        <\/div>\n                                    <\/li>\n                                                                    <\/ul>\n                            <\/div>\n                            <div id=\"tab2\" class=\"tab-pane fade\">\n                                <iframe src=\"https:\/\/www.google.com\/maps\/embed?pb=!1m14!1m8!1m3!1d15591.066390255723!2d-1.549527!3d12.3314906!3m2!1i1024!2i768!4f13.1!3m3!1m2!1s0xe2e9670134b42f1%3A0x5e5f60e6f720ad19!2sIT-EXPERTIS%20SARL!5e0!3m2!1sen!2sbf!4v1722086219223!5m2!1sen!2sbf\"><\/iframe>\n                            <\/div>\n                        <\/div>\n                    <\/div>\n                <\/div>\n\n            <\/div>\n        <\/div>\n    <\/div>\n    <!-- End Contact Area -->\n\n    \t\t\t\t<\/div>\n\t\t\t\t<\/div>\n\t\t\t\t\t<\/div>\n\t\t<\/div>\n\t\t\t\t\t<\/div>\n\t\t<\/section>\n\t\t\t\t<\/div>\n\t\t","protected":false},"excerpt":{"rendered":"<p>Besoin d&#039;aide? Faites appel aux services informatiques les plus fiables au monde. Veuillez activer JavaScript dans votre navigateur pour remplir ce formulaire.Veuillez activer JavaScript dans votre navigateur pour remplir ce formulaire. Nom * Pr\u00e9nomNom E-mail *Commentaire ou message Envoyer Adresse Localisation Notre adresse 1400 Avenue de la dignit\u00e9 &#8211; 2e \u00e9tage Imm. NIDAP Imprimerie Kadiogo, [&hellip;]<\/p>\n","protected":false},"author":1,"featured_media":1694,"parent":0,"menu_order":0,"comment_status":"closed","ping_status":"closed","template":"page-templates\/pages-image.php","meta":{"_monsterinsights_skip_tracking":false,"_monsterinsights_sitenote_active":false,"_monsterinsights_sitenote_note":"","_monsterinsights_sitenote_category":0,"footnotes":""},"class_list":["post-512","page","type-page","status-publish","has-post-thumbnail","hentry"],"aioseo_notices":[],"_links":{"self":[{"href":"https:\/\/it-expertis.com\/index.php?rest_route=\/wp\/v2\/pages\/512","targetHints":{"allow":["GET"]}}],"collection":[{"href":"https:\/\/it-expertis.com\/index.php?rest_route=\/wp\/v2\/pages"}],"about":[{"href":"https:\/\/it-expertis.com\/index.php?rest_route=\/wp\/v2\/types\/page"}],"author":[{"embeddable":true,"href":"https:\/\/it-expertis.com\/index.php?rest_route=\/wp\/v2\/users\/1"}],"replies":[{"embeddable":true,"href":"https:\/\/it-expertis.com\/index.php?rest_route=%2Fwp%2Fv2%2Fcomments&post=512"}],"version-history":[{"count":16,"href":"https:\/\/it-expertis.com\/index.php?rest_route=\/wp\/v2\/pages\/512\/revisions"}],"predecessor-version":[{"id":1929,"href":"https:\/\/it-expertis.com\/index.php?rest_route=\/wp\/v2\/pages\/512\/revisions\/1929"}],"wp:featuredmedia":[{"embeddable":true,"href":"https:\/\/it-expertis.com\/index.php?rest_route=\/wp\/v2\/media\/1694"}],"wp:attachment":[{"href":"https:\/\/it-expertis.com\/index.php?rest_route=%2Fwp%2Fv2%2Fmedia&parent=512"}],"curies":[{"name":"wp","href":"https:\/\/api.w.org\/{rel}","templated":true}]}}